{"id":848,"date":"2025-04-13T12:34:47","date_gmt":"2025-04-13T10:34:47","guid":{"rendered":"https:\/\/bisskultur.de\/?page_id=848"},"modified":"2026-02-18T14:48:42","modified_gmt":"2026-02-18T13:48:42","slug":"3-m8","status":"publish","type":"page","link":"https:\/\/bisskultur.ipv64.de\/index.php\/3-m8\/","title":{"rendered":"Artur &amp; Deutschtempler"},"content":{"rendered":"\n<p class=\"has-medium-font-size\"><strong>Es besteht unter anerkannten Wissenschaftlern eine solide zu belegende Akzeptanz, dass sich sowohl im WeltLuftRaum als auch intra- und extraorbital erheblich mehr \u201eFlugzeuge\u201c und in den Weiten s\u00e4mtlicher Ozeane mehr \u201eUnterwasserFahrzeuge\u201c tummeln, als dies der \u00d6ffentlichkeit mitgeteilt wird. Sofern bemannt, handelt es sich dabei sowohl um irdische als auch au\u00dferirdische Besatzungen, die zusammen und getrennt voneinander operieren. Das irdische Geschehen geht nachweislich auf \u00fcberragende Technologien zur\u00fcck, die etwa von 1920 an, durch herausragende Deutsche Wissenschaftler, unter Mitwirkung au\u00dferirdischer Kr\u00e4fte entwickelt wurden und bis etwa 1945 zur Einsatzreife gelangten.<\/strong><br><\/p>\n\n\n\n<p class=\"has-medium-font-size\"><strong>Diese Deutschen Technologien waren Ursache f\u00fcr die Aktion Paperclip. Offenbar haben die seinerzeit \u201eentf\u00fchrten\u201c Deutschen Wissenschaftler dabei ein doppeltes Spiel gespielt, indem Amerikanische Gelder und Support zur Entwicklung einer offiziellen Raumfahrt (Raketentriebswerke) einerseits und einer inoffiziellen Raumfahrt (Feld- und\/oder Photonenantriebswerke) andererseits genutzt wurden, wobei der inoffizielle Teil samt seiner Weiterentwicklung nur einer auserlesenen Gruppe von Eingeweihten zugute kam, die hierdurch mit entsprechenden Ressourcen versorgt wurden.<\/strong><br><\/p>\n\n\n\n<p class=\"has-medium-font-size\"><strong>Mehr kann zum gegenw\u00e4rtigen Zeitpunkt hierzu noch nicht ver\u00f6ffentlicht werden.<\/strong><br><\/p>\n\n\n\n<p class=\"has-medium-font-size\"><strong>In der derzeitigen Gemengelage ist nicht exakt erkennbar, inwieweit dieses Wissen um die Antriebsaggregate im Rahmen geheimer USWeltraumprogramme, an denen selbst kein Zweifel besteht, f\u00fcr die Besatzer des Deutschen Reiches die erwarteten Ergebnisse gebracht haben. Offenbar ist ein gro\u00dfer Teil der gewonnenen Erkenntnisse den bis heute existierenden Kr\u00e4ften des Deutschen Reiches, der 3.M8, zugute gekommen, die aus einer der gr\u00f6\u00dften Absetzbewegungen, die es je nach einem Krieg gegeben hat, hervor gegangen sind.<\/strong><br><strong>Stalin soll hierzu bereits Erkenntnisse gehabt haben: \u201eJetzt bereiten sich die Deutschen genau so gr\u00fcndlich auf ihre Niederlage vor.\u201c<\/strong><br><\/p>\n\n\n\n<p class=\"has-medium-font-size\"><strong>Diese Antriebsaggregate sind offenbar imstande, das jeweilige Flugobjekt gegen\u00fcber dem irdischen RaumZeitGef\u00fcge \u201ezu isolieren\u201c, indem sie nicht nur die Gravitations- und Fliehkr\u00e4fte abschirmen, wobei sagenhafte Geschwindigkeiten mit abrupten Richtungs\u00e4nderungen von 90\u00b0, 45\u00b0 und 22,5\u00b0 m\u00f6glich werden. Das hei\u00dft, das Flugger\u00e4t wird damit den \u00fcblichen Einfl\u00fcssen der Materie, die auch nichts Anderes ist als hoch verdichtete Energie(Frequenz), \u201eentzogen\u201c. Das Flugger\u00e4t bewegt sich sozusagen in einer \u201eantimateriellen\u201c Kapsel und wird ab einer bestimmten Energie(Frequenz) unsichtbar. Dabei scheint es denkbar, dass mit dem Verschwinden des Objektes aus der irdischen Raumzeit, vermutlich zun\u00e4chst in einen \u201egebeugten\u201c Transraum, zwar nicht die absolute Begrenzung der Lichtgeschwindigkeit entf\u00e4llt, aber durch die Beugung der Raumzeit Entfernungen zueinander verk\u00fcrzt werden, was die Ger\u00e4te zur interplanetaren und intergalaktischen Raumfahrt mit unter diesen Umst\u00e4nden k\u00fcrzeren Entfernungen bef\u00e4higen w\u00fcrde, zumal die Raumzeit in anderen Dimensionen durchaus andere Gr\u00f6\u00dfen erahnen l\u00e4sst, was bereits <a href=\"https:\/\/www.science-of-involution.org\/de\/Artikel\/Involution_in_den_vedischen_Beschreibungen.html\">in den vedischen SanskritSchriften<\/a> gelehrt wurde, also etwa vor eintausend bis eineinhalbtausend Jahren vor Christus.<\/strong><br><strong>Demzufolge sind diese Ger\u00e4te nicht nur in der Lage, sowohl oberhalb als auch unterhalb der Wasseroberfl\u00e4che zu operieren, sondern auch in der Zeit zu reisen.<\/strong><\/p>\n\n\n\n<p class=\"has-medium-font-size\"><strong>Dass dies nicht nur erkl\u00e4rbar, sondern damit auch durchaus umsetzbar ist, hat eine weitere herausragende und geniale Deutsche Pers\u00f6nlichkeit, <a href=\"https:\/\/bisskultur.ipv64.de\/wordpress\/wp-content\/uploads\/2025\/04\/Burkhardt-Heim.pdf\" target=\"_blank\" rel=\"noreferrer noopener\">Burkhard Heim<\/a>, in seinem nobelpreiswerten und wesentlich in die Zukunft weisenden Lebenswerk der Wissenschaft vorgestellt. Es ist Aufgabe der Korrupten und \u201eaus anderen Gr\u00fcnden Skeptiker Gebliebenen\u201c unter den Physikern und sogenannten Wissenschaftlern, sich von ihren Dogmen und herk\u00f6mmlichen Formatierungen zu befreien. Sie sind mit ihrer ignoranten Arroganz oder Feigheit \u00fcberhaupt sehr ma\u00dfgeblich daf\u00fcr verantwortlich, dass bahnbrechende Technologien bis heute erfolgreich verschwiegen werden konnten, obwohl sie l\u00e4ngst zum irdischen Alltag geh\u00f6ren. Dabei sollte gew\u00e4hrleistet werden, dass sich Mythos (spirituelles Wissen) und Logos (materielles Wissen) endlich wieder miteinander vergesellschaften.<\/strong><br><\/p>\n\n\n\n<p class=\"has-medium-font-size\"><strong>Ver\u00f6ffentlichungen zur 3.M8 waren bisher eine Rarit\u00e4t. Wesentliche Werke sind hier, neben angels\u00e4chsischen Quellen, zusammengefasst. Sie erg\u00e4nzen sich zu einem Gesamtwerk. Wer sich hier\u00fcber ein umfassendes Bild machen m\u00f6chte, verf\u00fcgt damit \u00fcber eine sehr umfassende Darstellung eines sehr wichtigen Teiles der Deutschen Geschichte, welcher uns bewusst vorenthalten wird, aber in der gegenw\u00e4rtigen Realit\u00e4t, auf Seiten der klassischen 1. und 2.M8 f\u00fcr allerhand Betriebsamkeit und jede Menge verfr\u00fcht ergrauender Haare sorgt.<\/strong><\/p>\n\n\n\n<div style=\"height:62px\" aria-hidden=\"true\" class=\"wp-block-spacer\"><\/div>\n\n\n<div class=\"wp-block-image\">\n<figure class=\"aligncenter size-full\"><img loading=\"lazy\" decoding=\"async\" width=\"564\" height=\"562\" src=\"https:\/\/bisskultur.ipv64.de\/wordpress\/wp-content\/uploads\/2025\/04\/grafik.png\" alt=\"\" class=\"wp-image-872\" srcset=\"https:\/\/bisskultur.ipv64.de\/wordpress\/wp-content\/uploads\/2025\/04\/grafik.png 564w, https:\/\/bisskultur.ipv64.de\/wordpress\/wp-content\/uploads\/2025\/04\/grafik-300x300.png 300w, https:\/\/bisskultur.ipv64.de\/wordpress\/wp-content\/uploads\/2025\/04\/grafik-150x150.png 150w, https:\/\/bisskultur.ipv64.de\/wordpress\/wp-content\/uploads\/2025\/04\/grafik-80x80.png 80w, https:\/\/bisskultur.ipv64.de\/wordpress\/wp-content\/uploads\/2025\/04\/grafik-320x319.png 320w, https:\/\/bisskultur.ipv64.de\/wordpress\/wp-content\/uploads\/2025\/04\/grafik-520x518.png 520w\" sizes=\"auto, (max-width: 564px) 100vw, 564px\" \/><\/figure>\n<\/div>\n\n\n<div style=\"height:52px\" aria-hidden=\"true\" class=\"wp-block-spacer\"><\/div>\n\n\n\n<p class=\"has-medium-font-size\"><strong>Bergmann 1<\/strong><\/p>\n\n\n\n<p class=\"has-medium-font-size\"><a href=\"https:\/\/bisskultur.ipv64.de\/index.php\/deutsche-flugscheiben-und-u-boote-ueberwachen-die-weltmeere-band-i\/\" target=\"_blank\" rel=\"noreferrer noopener\">Bergmann, O. \u2013 Deutsche Flugscheiben und U-Boote \u00fcberwachen die Weltmeere (Band I)<\/a><\/p>\n\n\n\n<p class=\"has-medium-font-size\"><strong>Bergmann 2<\/strong><\/p>\n\n\n\n<p class=\"has-medium-font-size\"><a href=\"https:\/\/bisskultur.ipv64.de\/index.php\/deutsche-flugscheiben-und-u-boote-ueberwachen-die-weltmeere-band-ii\/\" target=\"_blank\" rel=\"noreferrer noopener\">Bergmann, O. \u2013 Deutsche Flugscheiben und U-Boote \u00fcberwachen die Weltmeere (Band II)<\/a><\/p>\n\n\n\n<p class=\"has-medium-font-size\"><em>Farrell (Unter Vorbehalten hier eingestellt)<\/em><\/p>\n\n\n\n<p class=\"has-medium-font-size\"><a href=\"https:\/\/bisskultur.ipv64.de\/index.php\/die-bruderschaft-der-glocke-2\/\" target=\"_blank\" rel=\"noreferrer noopener\">Farrell, Dr. Joseph P. \u2013 Die Bruderschaft der Glocke<\/a><br><\/p>\n\n\n\n<p class=\"has-medium-font-size\"><strong>Haarmann 1<\/strong><\/p>\n\n\n\n<p class=\"has-medium-font-size\"><a href=\"https:\/\/bisskultur.ipv64.de\/index.php\/geheime-wunderwaffen-1-zerrbild-zwischen-taeuschung-und-tatsachen\/\" target=\"_blank\" rel=\"noreferrer noopener\">Haarmann, D.H. \u2013 Geheime Wunderwaffen 1 \u2013 Zerrbild zwischen T\u00e4uschung und Tatsachen<\/a><br><\/p>\n\n\n\n<p class=\"has-medium-font-size\"><strong>Haarmann 2<\/strong><\/p>\n\n\n\n<p class=\"has-medium-font-size\"><a href=\"https:\/\/bisskultur.ipv64.de\/index.php\/geheime-wunderwaffen-2-und-sie-fliegen-doch\/\" target=\"_blank\" rel=\"noreferrer noopener\">Haarmann, D.H. \u2013 Geheime Wunderwaffen 2 \u2013 Und sie fliegen doch<br><\/a><\/p>\n\n\n\n<p class=\"has-medium-font-size\"><strong>Haarmann 3<\/strong><\/p>\n\n\n\n<p class=\"has-medium-font-size\"><a href=\"https:\/\/bisskultur.ipv64.de\/index.php\/geheime-wunderwaffen-3-ueber-den-krieg-hinaus\/\" target=\"_blank\" rel=\"noreferrer noopener\">Haarmann, D.H. \u2013 Geheime Wunderwaffen 3 \u2013 \u00dcber den Krieg hinaus<\/a><br><\/p>\n\n\n\n<p class=\"has-medium-font-size\"><strong>J\u00fcrgenson 1<\/strong><br><em>(Der Vollst\u00e4ndigkeit halber hier mit eingestellt, da dieses Buch die gegew\u00e4rtige Situation in einer Weise beschreibt, die \u00fcberragend ist und dem besseren Verst\u00e4ndnis der 3.M8 dient.)<\/em><\/p>\n\n\n\n<p class=\"has-medium-font-size\"><a href=\"https:\/\/bisskultur.ipv64.de\/index.php\/das-gegenteil-ist-wahr-band-i\/\" target=\"_blank\" rel=\"noreferrer noopener\">J\u00fcrgenson, Johannes \u2013 Das Gegenteil ist wahr (Band I)<\/a><br><\/p>\n\n\n\n<p class=\"has-medium-font-size\"><strong>J\u00fcrgenson 2 Erstausgabe<\/strong><\/p>\n\n\n\n<p class=\"has-medium-font-size\"><a href=\"https:\/\/bisskultur.ipv64.de\/index.php\/das-gegenteil-ist-wahr-band-ii\/\" target=\"_blank\" rel=\"noreferrer noopener\">J\u00fcrgensohn, Johannes \u2013 Das-Gegenteil ist wahr (Band II)<\/a><br><\/p>\n\n\n\n<p class=\"has-medium-font-size\"><strong>J\u00fcrgenson 2 Aktualisierte Ausgabe<\/strong><\/p>\n\n\n\n<p class=\"has-medium-font-size\"><a href=\"https:\/\/bisskultur.ipv64.de\/index.php\/das-gegenteil-ist-wahr-aktualisierte-ausgabe\/\" target=\"_blank\" rel=\"noreferrer noopener\">J\u00fcrgenson, Johannes \u2013 Das Gegenteil ist wahr<\/a><br><\/p>\n\n\n\n<p class=\"has-medium-font-size\"><strong>Leith<\/strong><\/p>\n\n\n\n<p class=\"has-medium-font-size\"><a href=\"https:\/\/bisskultur.ipv64.de\/index.php\/the-new-germany-and-the-hollow-earth-3\/\" data-type=\"page\" data-id=\"1470\" target=\"_blank\" rel=\"noreferrer noopener\">The New Germany and the Hollow Earth<\/a><\/p>\n\n\n\n<p class=\"has-medium-font-size\"><a href=\"https:\/\/bisskultur.ipv64.de\/index.php\/genesis-for-the-new-space-age\/\" data-type=\"page\" data-id=\"1001\" target=\"_blank\" rel=\"noreferrer noopener\">Genesis for The New Space Age<\/a><br><\/p>\n\n\n\n<p class=\"has-medium-font-size\"><strong>Neumann<\/strong><\/p>\n\n\n\n<p class=\"has-medium-font-size\"><a href=\"https:\/\/bisskultur.ipv64.de\/index.php\/die-reichsdeutschen\/\" target=\"_blank\" rel=\"noreferrer noopener\">Neumann, Martin \u2013 Die Reichsdeutschen<\/a><br><\/p>\n\n\n\n<p class=\"has-medium-font-size\"><strong>Sternhoff<\/strong><\/p>\n\n\n\n<p class=\"has-medium-font-size\"><a href=\"https:\/\/bisskultur.ipv64.de\/index.php\/die-uebernahme-der-welt-durch-die-dritte-macht\/\" target=\"_blank\" rel=\"noreferrer noopener\">Sternhoff, Gilbert \u2013 Die \u00dcbernahme der Welt durch die Dritte Macht<\/a><\/p>\n\n\n\n<p class=\"has-medium-font-size\"><strong>Sternhoff<\/strong><\/p>\n\n\n\n<p class=\"has-medium-font-size\"><a href=\"https:\/\/bisskultur.ipv64.de\/index.php\/die-rueckkehr-der-dritten-macht\/\" target=\"_blank\" rel=\"noreferrer noopener\">Sternhoff, Gilbert &#8211; Die R\u00fcckkehr der dritten Macht<\/a><br><\/p>\n\n\n\n<p class=\"has-medium-font-size\"><strong>Stoll<\/strong><\/p>\n\n\n\n<p class=\"has-medium-font-size\"><a href=\"https:\/\/bisskultur.ipv64.de\/index.php\/hochtechnologie-im-iii-reich\/\" target=\"_blank\" rel=\"noreferrer noopener\">Stoll, Axel \u2013 Hochtechnologie im III. Reich<\/a><\/p>\n\n\n\n<p class=\"has-medium-font-size\"><strong>Thietz<\/strong><\/p>\n\n\n\n<p class=\"has-medium-font-size\"><a href=\"https:\/\/bisskultur.ipv64.de\/index.php\/der-tag-x-2\/\" target=\"_blank\" rel=\"noreferrer noopener\">Thietz, Hans-Peter \u2013 Der Tag X<\/a><br><\/p>\n\n\n\n<p class=\"has-medium-font-size\"><strong>Z\u00fcndel<\/strong><\/p>\n\n\n\n<p class=\"has-medium-font-size\"><a href=\"https:\/\/bisskultur.ipv64.de\/index.php\/ufos-nazi-secret-weapon\/\" target=\"_blank\" rel=\"noreferrer noopener\">Z\u00fcndel, Ernst \u2013 1974 UFOS Nazi Secret Weapon<\/a><br><\/p>\n\n\n\n<p class=\"has-medium-font-size\"><strong>Ettl\/Ratthofer<\/strong><\/p>\n\n\n\n<p class=\"has-medium-font-size\"><a href=\"https:\/\/bisskultur.ipv64.de\/index.php\/das-vril-projekt-3\/\" target=\"_blank\" rel=\"noreferrer noopener\">Das-Vril-Projekt<\/a><br><\/p>\n\n\n\n<p class=\"has-medium-font-size\"><em>Allgemein wird eine Tendenz von angels\u00e4chsisch-zionistischer Seite erkennbar, die der Absicht folgt, dieses zweifellos bedeutende Thema zu verw\u00e4ssern, zu untergraben, und der eigenen Propaganda einzuverleiben, indem behauptet wird, es handele sich dabei um die sogenannte DUNKLE FLOTTE, die mit einer b\u00f6sartigen ReptiloidenRasse zusammenarbeitet, um die Eroberung von Planeten zu betreiben.<br>Dass dies Humbug ist, sollte man daran erkennen, dass dieser Planet seit Bestehen der sogenannten DUNKLEN FLOTTE eben noch nicht erobert wurde.<br><br>Herausragende Protagonisten dieser M\u00e4rchenStory, die allesamt damit recht gut verdienen, hei\u00dfen Michael Salla, Corey Goode, Jordan Sather und David Wilcock, in deren Gefolge eine angels\u00e4chsisch-zionistische NewAgeBewegung einen offenbar sehr interessanten Markt f\u00fcr sich entdeckt hat. Wenn dem so w\u00e4re, wie in diesen Kreisen publiziert, s\u00e4he die irdische Realit\u00e4t mit Sicherheit anders aus und w\u00fcrde sich nicht auf die zweifellos existenten DUMBS und die brutal praktizierte Gewalt und Kriminalit\u00e4t gegen die Frauen und Kinder dieser Welt erstrecken, da sie dem prinzipiellen Denken und Handeln der 3.M8, die weder der Bruderschaft der Schlange entstammt, noch einer ihnen unterstellten Sympathie gegen\u00fcber der nationalsozialistischen Bewegung folgt, zutiefst zuwider ist.<br>Ihre Herkunft geht auf Alderaan, zur\u00fcck und wird durch den Templerorden (Artur, VrilGesellschaft) repr\u00e4sentiert, derweil Die Bruderschaft der Schlange, die Illuminati, die Interessen der Reptilienwesen, der Dragonen, vertreten, die ihren globalen Einfluss unter dem Synonym \u201eTiefer Staat\u201c realisieren.<br><br>Alderaaner und Dragonen sind miteinander im Krieg, seit Jahrtausenden!<br><br>Ein in diesem Zusammenhang gegenw\u00e4rtig immer wieder diskutierter \u201eAlienAngriff\u201c geh\u00f6rt ins Reich der PsychpathenPhantasie. Alle irdischen \u201ePerversionen\u201c haben \u00fcbrigens eine erheblich l\u00e4ngere Tradition auf diesem Planeten als es Deutsche gibt. Diese Erkenntnis sollte gerade wieder einmal die Tyrannei verdeutlichen, mit der rund um den Globus die wahre und friedliche Menschheit derzeit drangsaliert wird, um ihre Gene zu manipulieren. Auch diese Praxis ist \u00e4lter als die Neuzeit seit Christi Geburt.<br><br>Eine Ausnahmeerscheinung zur Historie der 3.M8 ist das folgende Werk, vor dessen Hintergrund das Ganze eine sehr logische und nachvollziehbare Form bekommt und welche zudem die Realit\u00e4tsverdrehung eines Michael Salla, Corey Goode, Jordan Sather und David Wilcock in Richtung der 3.M8 Schritt um Schritt entlarvt. Es enttarnt ganz nebenbei diese Vier als IlluminatenAgenten, die sich im Grunde genommen nicht wirklich dar\u00fcber im Klaren sind, wor\u00fcber sie sprechen. Demzufolge muss ihr Film <a href=\"https:\/\/bisskultur.ipv64.de\/index.php\/above-majestic\/\" target=\"_blank\" rel=\"noreferrer noopener\">Above Majestic<\/a>, der sehr nahe an der Wahrheit ist, aber die entscheidenden Wahrheiten zur 3.M8 selbst unterschl\u00e4gt, als intelligenter PropagandaFilm der Illuminaten gedeutet werden. Ob die Vier sich dar\u00fcber im Klaren sind oder nicht, sei einmal dahin gestellt.<br><br>Es ist noch wichtig, darauf hin zu weisen, dass hier mal nicht von einer existenten Galaktischen F\u00f6deration die Rede ist, sondern von der 3.M8, die von Seiten der Illuminati als Dunkle Flotte bezeichnet wird.<\/em><\/p>\n\n\n\n<p class=\"has-medium-font-size\"><strong>Alias<\/strong><\/p>\n\n\n\n<p class=\"has-medium-font-size\"><a href=\"https:\/\/bisskultur.ipv64.de\/index.php\/701-2\/\" target=\"_blank\" rel=\"noreferrer noopener\">Salomon,_Julian_Als_Agent_der_Dritten Macht<\/a><\/p>\n\n\n\n<p class=\"has-medium-font-size\"><em><strong>Da ich immer wieder mit der Frage konfrontiert werde, wieso ich behaupte, dass ein durchaus denkbarer NuklearKrieg nicht zugelassen wird, stelle ich hier das Wissen eines Insiders vor, um das Thema &#8222;Templer und Vril&#8220; abzurunden.<\/strong><\/em><br><br><a href=\"https:\/\/bisskultur.ipv64.de\/index.php\/ufos-and-nukes\/\" target=\"_blank\" rel=\"noreferrer noopener\">Robert Hastings &#8211; UFOs and Nukes EXTRAORDINARY ENCOUNTERS AT NUCLEAR WEAPONS SITES<\/a><\/p>\n\n\n\n<p><\/p>\n","protected":false},"excerpt":{"rendered":"<p>Es besteht unter anerkannten Wissenschaftlern eine solide zu belegende Akzeptanz, dass sich sowohl im WeltLuftRaum als auch intra- und extraorbital erheblich mehr \u201eFlugzeuge\u201c und in den Weiten s\u00e4mtlicher Ozeane mehr \u201eUnterwasserFahrzeuge\u201c tummeln, als dies&#46;&#46;&#46;<\/p>\n","protected":false},"author":1,"featured_media":845,"parent":0,"menu_order":0,"comment_status":"closed","ping_status":"closed","template":"","meta":{"footnotes":""},"class_list":["post-848","page","type-page","status-publish","has-post-thumbnail","hentry"],"_links":{"self":[{"href":"https:\/\/bisskultur.ipv64.de\/index.php\/wp-json\/wp\/v2\/pages\/848","targetHints":{"allow":["GET"]}}],"collection":[{"href":"https:\/\/bisskultur.ipv64.de\/index.php\/wp-json\/wp\/v2\/pages"}],"about":[{"href":"https:\/\/bisskultur.ipv64.de\/index.php\/wp-json\/wp\/v2\/types\/page"}],"author":[{"embeddable":true,"href":"https:\/\/bisskultur.ipv64.de\/index.php\/wp-json\/wp\/v2\/users\/1"}],"replies":[{"embeddable":true,"href":"https:\/\/bisskultur.ipv64.de\/index.php\/wp-json\/wp\/v2\/comments?post=848"}],"version-history":[{"count":76,"href":"https:\/\/bisskultur.ipv64.de\/index.php\/wp-json\/wp\/v2\/pages\/848\/revisions"}],"predecessor-version":[{"id":1514,"href":"https:\/\/bisskultur.ipv64.de\/index.php\/wp-json\/wp\/v2\/pages\/848\/revisions\/1514"}],"wp:featuredmedia":[{"embeddable":true,"href":"https:\/\/bisskultur.ipv64.de\/index.php\/wp-json\/wp\/v2\/media\/845"}],"wp:attachment":[{"href":"https:\/\/bisskultur.ipv64.de\/index.php\/wp-json\/wp\/v2\/media?parent=848"}],"curies":[{"name":"wp","href":"https:\/\/api.w.org\/{rel}","templated":true}]}}