{"id":808,"date":"2025-04-07T11:46:24","date_gmt":"2025-04-07T09:46:24","guid":{"rendered":"https:\/\/bisskultur.de\/?page_id=808"},"modified":"2025-08-06T22:49:05","modified_gmt":"2025-08-06T20:49:05","slug":"aktueller-stand","status":"publish","type":"page","link":"https:\/\/bisskultur.ipv64.de\/index.php\/aktueller-stand\/","title":{"rendered":"Aktueller Stand &#8211; Aufgrund des Dr\u00e4ngens der Zeit"},"content":{"rendered":"\n<p class=\"has-medium-font-size\"><strong>Die von Eurasia Couple angek\u00fcndigte InterviewSerie Teil 3 ist bisher nicht erschienen. Stattdessen wird hier erl\u00e4utert, was sie zum Inhalt hat.<\/strong><\/p>\n\n\n\n<figure class=\"wp-block-video\"><video height=\"480\" style=\"aspect-ratio: 854 \/ 480;\" width=\"854\" controls src=\"https:\/\/bisskultur.ipv64.de\/wordpress\/wp-content\/uploads\/2025\/04\/AlexanderLaurentTeil3.mp4\"><\/video><\/figure>\n\n\n\n<div class=\"wp-block-group is-vertical is-layout-flex wp-container-core-group-is-layout-8cf370e7 wp-block-group-is-layout-flex\">\n<hr class=\"wp-block-separator has-alpha-channel-opacity\"\/>\n\n\n\n<p class=\"has-medium-font-size\"><strong>Da sich die folgende Quelle als offenbar zuverl\u00e4ssig erwiesen hat, erfolgt abschlie\u00dfend eine Verlinkung auf <a href=\"https:\/\/www.bitchute.com\/channel\/terranian-human\/\">Bitchute<\/a>.<\/strong><\/p>\n<\/div>\n\n\n\n<p class=\"has-medium-font-size\"><br><br><\/p>\n","protected":false},"excerpt":{"rendered":"<p>Die von Eurasia Couple angek\u00fcndigte InterviewSerie Teil 3 ist bisher nicht erschienen. Stattdessen wird hier erl\u00e4utert, was sie zum Inhalt hat. Da sich die folgende Quelle als offenbar zuverl\u00e4ssig erwiesen hat, erfolgt abschlie\u00dfend eine&#46;&#46;&#46;<\/p>\n","protected":false},"author":1,"featured_media":0,"parent":0,"menu_order":0,"comment_status":"closed","ping_status":"closed","template":"","meta":{"footnotes":""},"class_list":["post-808","page","type-page","status-publish","hentry"],"_links":{"self":[{"href":"https:\/\/bisskultur.ipv64.de\/index.php\/wp-json\/wp\/v2\/pages\/808","targetHints":{"allow":["GET"]}}],"collection":[{"href":"https:\/\/bisskultur.ipv64.de\/index.php\/wp-json\/wp\/v2\/pages"}],"about":[{"href":"https:\/\/bisskultur.ipv64.de\/index.php\/wp-json\/wp\/v2\/types\/page"}],"author":[{"embeddable":true,"href":"https:\/\/bisskultur.ipv64.de\/index.php\/wp-json\/wp\/v2\/users\/1"}],"replies":[{"embeddable":true,"href":"https:\/\/bisskultur.ipv64.de\/index.php\/wp-json\/wp\/v2\/comments?post=808"}],"version-history":[{"count":5,"href":"https:\/\/bisskultur.ipv64.de\/index.php\/wp-json\/wp\/v2\/pages\/808\/revisions"}],"predecessor-version":[{"id":1065,"href":"https:\/\/bisskultur.ipv64.de\/index.php\/wp-json\/wp\/v2\/pages\/808\/revisions\/1065"}],"wp:attachment":[{"href":"https:\/\/bisskultur.ipv64.de\/index.php\/wp-json\/wp\/v2\/media?parent=808"}],"curies":[{"name":"wp","href":"https:\/\/api.w.org\/{rel}","templated":true}]}}