{"id":706,"date":"2025-04-02T18:51:38","date_gmt":"2025-04-02T16:51:38","guid":{"rendered":"https:\/\/bisskultur.de\/?page_id=706"},"modified":"2025-08-13T12:50:45","modified_gmt":"2025-08-13T10:50:45","slug":"die-totale-ueberwachung","status":"publish","type":"page","link":"https:\/\/bisskultur.ipv64.de\/index.php\/die-totale-ueberwachung\/","title":{"rendered":"Die totale \u00dcberwachung"},"content":{"rendered":"\n<div data-wp-interactive=\"core\/file\" class=\"wp-block-file\"><object data-wp-bind--hidden=\"!state.hasPdfPreview\" hidden class=\"wp-block-file__embed\" data=\"https:\/\/bisskultur.ipv64.de\/wordpress\/wp-content\/uploads\/2025\/04\/Schluessel-der-Offenbarung_-Die-totale-Ueberwachung_-Wie-der-Gott-der-Illuminaten-Realitaet-wird-German-Edition-Die-Julian-von-Salomon.pdf\" type=\"application\/pdf\" style=\"width:100%;height:1230px\" aria-label=\"Einbettung von Schl\u00fcssel der Offenbarung_ Die totale \u00dcberwachung_ Wie der Gott der Illuminaten Realit\u00e4t wird (German Edition), Die - Julian von Salomon.\"><\/object><a id=\"wp-block-file--media-a62fe643-608e-49df-8e34-087c02113e75\" href=\"https:\/\/bisskultur.ipv64.de\/wordpress\/wp-content\/uploads\/2025\/04\/Schluessel-der-Offenbarung_-Die-totale-Ueberwachung_-Wie-der-Gott-der-Illuminaten-Realitaet-wird-German-Edition-Die-Julian-von-Salomon.pdf\">Schl\u00fcssel der Offenbarung_ Die totale \u00dcberwachung_ Wie der Gott der Illuminaten Realit\u00e4t wird (German Edition), Die &#8211; Julian von Salomon<\/a><a href=\"https:\/\/bisskultur.ipv64.de\/wordpress\/wp-content\/uploads\/2025\/04\/Schluessel-der-Offenbarung_-Die-totale-Ueberwachung_-Wie-der-Gott-der-Illuminaten-Realitaet-wird-German-Edition-Die-Julian-von-Salomon.pdf\" class=\"wp-block-file__button wp-element-button\" download aria-describedby=\"wp-block-file--media-a62fe643-608e-49df-8e34-087c02113e75\">Herunterladen<\/a><\/div>\n","protected":false},"excerpt":{"rendered":"","protected":false},"author":1,"featured_media":0,"parent":0,"menu_order":0,"comment_status":"closed","ping_status":"closed","template":"","meta":{"footnotes":""},"class_list":["post-706","page","type-page","status-publish","hentry"],"_links":{"self":[{"href":"https:\/\/bisskultur.ipv64.de\/index.php\/wp-json\/wp\/v2\/pages\/706","targetHints":{"allow":["GET"]}}],"collection":[{"href":"https:\/\/bisskultur.ipv64.de\/index.php\/wp-json\/wp\/v2\/pages"}],"about":[{"href":"https:\/\/bisskultur.ipv64.de\/index.php\/wp-json\/wp\/v2\/types\/page"}],"author":[{"embeddable":true,"href":"https:\/\/bisskultur.ipv64.de\/index.php\/wp-json\/wp\/v2\/users\/1"}],"replies":[{"embeddable":true,"href":"https:\/\/bisskultur.ipv64.de\/index.php\/wp-json\/wp\/v2\/comments?post=706"}],"version-history":[{"count":2,"href":"https:\/\/bisskultur.ipv64.de\/index.php\/wp-json\/wp\/v2\/pages\/706\/revisions"}],"predecessor-version":[{"id":1091,"href":"https:\/\/bisskultur.ipv64.de\/index.php\/wp-json\/wp\/v2\/pages\/706\/revisions\/1091"}],"wp:attachment":[{"href":"https:\/\/bisskultur.ipv64.de\/index.php\/wp-json\/wp\/v2\/media?parent=706"}],"curies":[{"name":"wp","href":"https:\/\/api.w.org\/{rel}","templated":true}]}}