{"id":7,"date":"2023-01-30T11:56:48","date_gmt":"2023-01-30T10:56:48","guid":{"rendered":"https:\/\/bisskultur.de\/?page_id=7"},"modified":"2025-03-17T14:23:02","modified_gmt":"2025-03-17T13:23:02","slug":"kontakt","status":"publish","type":"page","link":"https:\/\/bisskultur.ipv64.de\/index.php\/kontakt\/","title":{"rendered":"Impressum"},"content":{"rendered":"\n<h4 class=\"wp-block-heading\">Dr. Paul Wilhelm Hermsen<br>Antoniterplatz 2<br>53913 Swisttal<br><a href=\"https:\/\/bisskultur.de\">bisskultur<\/a><a href=\"https:\/\/bisskultur.net\">.de<\/a><\/h4>\n\n\n\n<h4 class=\"wp-block-heading\">Tel: +49 2251 50677 79<br>Fax: +49 2254 50677 81<\/h4>\n\n\n\n<h4 class=\"wp-block-heading\">E-Mail: <a href=\"mailto:bisskultur.de@t-online.de\">bisskultur.de@t-online.de<\/a><\/h4>\n\n\n\n<h4 class=\"wp-block-heading\">Verantwortlich im Sinne des \u00a7 5 des MDStV:<\/h4>\n\n\n\n<h4 class=\"wp-block-heading\"><strong>Haftungshinweis:<\/strong><br>Trotz sorgf\u00e4ltiger inhaltlicher Kontrolle \u00fcbernehme ich keine Haftung f\u00fcr die Inhalte externer Links. F\u00fcr den Inhalt der verlinkten Seiten sind die jeweiligen Betreiber verantwortlich.<\/h4>\n","protected":false},"excerpt":{"rendered":"<p>Dr. Paul Wilhelm HermsenAntoniterplatz 253913 Swisttalbisskultur.de Tel: +49 2251 50677 79Fax: +49 2254 50677 81 E-Mail: bisskultur.de@t-online.de Verantwortlich im Sinne des \u00a7 5 des MDStV: Haftungshinweis:Trotz sorgf\u00e4ltiger inhaltlicher Kontrolle \u00fcbernehme ich keine Haftung f\u00fcr&#46;&#46;&#46;<\/p>\n","protected":false},"author":1,"featured_media":0,"parent":0,"menu_order":0,"comment_status":"closed","ping_status":"closed","template":"","meta":{"footnotes":""},"class_list":["post-7","page","type-page","status-publish","hentry"],"_links":{"self":[{"href":"https:\/\/bisskultur.ipv64.de\/index.php\/wp-json\/wp\/v2\/pages\/7","targetHints":{"allow":["GET"]}}],"collection":[{"href":"https:\/\/bisskultur.ipv64.de\/index.php\/wp-json\/wp\/v2\/pages"}],"about":[{"href":"https:\/\/bisskultur.ipv64.de\/index.php\/wp-json\/wp\/v2\/types\/page"}],"author":[{"embeddable":true,"href":"https:\/\/bisskultur.ipv64.de\/index.php\/wp-json\/wp\/v2\/users\/1"}],"replies":[{"embeddable":true,"href":"https:\/\/bisskultur.ipv64.de\/index.php\/wp-json\/wp\/v2\/comments?post=7"}],"version-history":[{"count":9,"href":"https:\/\/bisskultur.ipv64.de\/index.php\/wp-json\/wp\/v2\/pages\/7\/revisions"}],"predecessor-version":[{"id":392,"href":"https:\/\/bisskultur.ipv64.de\/index.php\/wp-json\/wp\/v2\/pages\/7\/revisions\/392"}],"wp:attachment":[{"href":"https:\/\/bisskultur.ipv64.de\/index.php\/wp-json\/wp\/v2\/media?parent=7"}],"curies":[{"name":"wp","href":"https:\/\/api.w.org\/{rel}","templated":true}]}}