{"id":532,"date":"2025-03-20T14:12:22","date_gmt":"2025-03-20T13:12:22","guid":{"rendered":"https:\/\/bisskultur.de\/?page_id=532"},"modified":"2026-02-12T17:47:59","modified_gmt":"2026-02-12T16:47:59","slug":"linkempfehlungen","status":"publish","type":"page","link":"https:\/\/bisskultur.ipv64.de\/index.php\/linkempfehlungen\/","title":{"rendered":"Empfehlungen"},"content":{"rendered":"\n<p class=\"has-medium-font-size\"><strong><a href=\"http:\/\/www.vielewelten.at\/\" target=\"_blank\" rel=\"noreferrer noopener\">Viele Welten<\/a><\/strong><br>Die Seite f\u00fcr Exopolitik, Kosmologie, Raumfahrt und mehr<br>Autor: Franz J. Achleitner<\/p>\n\n\n\n<hr class=\"wp-block-separator has-alpha-channel-opacity\"\/>\n\n\n\n<p class=\"has-medium-font-size\"><a href=\"https:\/\/adoria-verlag.de\/fundgrube\/1882\/die-brd-gmbh\" target=\"_blank\" rel=\"noreferrer noopener\"><strong>Die BRD-GmbH<\/strong><\/a><br><a href=\"https:\/\/bisskultur.de\/wordpress\/wp-content\/uploads\/2025\/03\/Anlage-BRD-GmbH.pdf\">Anlage<\/a><br>Autor: Dr. Klaus Maurer<\/p>\n\n\n\n<p class=\"has-medium-font-size\"><a href=\"https:\/\/digitalevollversammlung.de\/\"><strong>Digitale Vollversammlung<\/strong><\/a><br>Initiator: Markus B\u00f6nig<\/p>\n\n\n\n<p class=\"has-medium-font-size\"><a href=\"https:\/\/www.justice.gov\/epstein\/doj-disclosures\"><strong>EpsteinFiles<\/strong><\/a><br>Department Of Justice (DOJ)<\/p>\n\n\n\n<p class=\"has-medium-font-size\"><a href=\"http:\/\/beitragsblocker.de\"><strong>GEZBeitragsblocker<\/strong><\/a><br>Initiator: Markus B\u00f6nig<\/p>\n\n\n\n<p class=\"has-medium-font-size\"><a href=\"https:\/\/huettendorferansichten.wordpress.com\/\" target=\"_blank\" rel=\"noreferrer noopener\"><strong>H\u00fcttendorfer Ansichten<\/strong><\/a><br>Autor: Gunnar Goderechtsohn von Groppenbruch<br>Das Weltbild eines Templers<\/p>\n\n\n\n<p class=\"has-medium-font-size\"><a href=\"https:\/\/www-archives-gov.translate.goog\/research\/jfk\/warren-commission-report\/chapter-1?_x_tr_sl=auto&amp;_x_tr_tl=de&amp;_x_tr_hl=de\" target=\"_blank\" rel=\"noreferrer noopener\"><strong>KennedyFiles Version 2025<\/strong><\/a><br>US National Archives and Records Administration<\/p>\n\n\n\n<p class=\"has-medium-font-size\"><a href=\"https:\/\/www.wissensmanufaktur.net\/plan-b\/\"><strong>Plan B<\/strong><\/a><br>Initiator: Andreas Popp und Rico Albrecht<\/p>\n\n\n\n<p class=\"has-medium-font-size\"><strong><a href=\"https:\/\/www.psygrenz.de\/\" target=\"_blank\" rel=\"noreferrer noopener\">Psychowissenschaftliche Grenzgebiete<\/a><\/strong><br>Feinstoffliche Realit\u00e4t<\/p>\n\n\n\n<p class=\"has-medium-font-size\"><a href=\"https:\/\/rki-transparenzbericht.de\/\"><strong>RKI-Files<\/strong><\/a><br>Herausgabe erstritten durch Multipular und Paul Schreyer<br><\/p>\n\n\n\n<p class=\"has-medium-font-size\"><a href=\"https:\/\/www.siper.ch\/\" target=\"_blank\" rel=\"noreferrer noopener\"><strong>SIPER<\/strong><\/a><br>Swiss Institute for Peace and Energy Research<\/p>\n\n\n\n<p><\/p>\n","protected":false},"excerpt":{"rendered":"<p>Viele WeltenDie Seite f\u00fcr Exopolitik, Kosmologie, Raumfahrt und mehrAutor: Franz J. Achleitner Die BRD-GmbHAnlageAutor: Dr. Klaus Maurer Digitale VollversammlungInitiator: Markus B\u00f6nig EpsteinFilesDepartment Of Justice (DOJ) GEZBeitragsblockerInitiator: Markus B\u00f6nig H\u00fcttendorfer AnsichtenAutor: Gunnar Goderechtsohn von GroppenbruchDas&#46;&#46;&#46;<\/p>\n","protected":false},"author":1,"featured_media":0,"parent":0,"menu_order":0,"comment_status":"closed","ping_status":"closed","template":"","meta":{"footnotes":""},"class_list":["post-532","page","type-page","status-publish","hentry"],"_links":{"self":[{"href":"https:\/\/bisskultur.ipv64.de\/index.php\/wp-json\/wp\/v2\/pages\/532","targetHints":{"allow":["GET"]}}],"collection":[{"href":"https:\/\/bisskultur.ipv64.de\/index.php\/wp-json\/wp\/v2\/pages"}],"about":[{"href":"https:\/\/bisskultur.ipv64.de\/index.php\/wp-json\/wp\/v2\/types\/page"}],"author":[{"embeddable":true,"href":"https:\/\/bisskultur.ipv64.de\/index.php\/wp-json\/wp\/v2\/users\/1"}],"replies":[{"embeddable":true,"href":"https:\/\/bisskultur.ipv64.de\/index.php\/wp-json\/wp\/v2\/comments?post=532"}],"version-history":[{"count":32,"href":"https:\/\/bisskultur.ipv64.de\/index.php\/wp-json\/wp\/v2\/pages\/532\/revisions"}],"predecessor-version":[{"id":1399,"href":"https:\/\/bisskultur.ipv64.de\/index.php\/wp-json\/wp\/v2\/pages\/532\/revisions\/1399"}],"wp:attachment":[{"href":"https:\/\/bisskultur.ipv64.de\/index.php\/wp-json\/wp\/v2\/media?parent=532"}],"curies":[{"name":"wp","href":"https:\/\/api.w.org\/{rel}","templated":true}]}}