{"id":459,"date":"2025-03-17T22:12:43","date_gmt":"2025-03-17T21:12:43","guid":{"rendered":"https:\/\/bisskultur.de\/?page_id=459"},"modified":"2025-04-14T00:10:18","modified_gmt":"2025-04-13T22:10:18","slug":"hinweis","status":"publish","type":"page","link":"https:\/\/bisskultur.ipv64.de\/index.php\/hinweis\/","title":{"rendered":"Tipp!"},"content":{"rendered":"\n<p class=\"has-medium-font-size\"><strong>Um bisskultur.de optimal nutzen zu k\u00f6nnen, empfiehlt sich die DesktopLaptopTablettUmgebung und weniger die HandyMobileSmartphoneUmgebung.<br>Selbsterkl\u00e4render Weise liegt der Grund hierf\u00fcr in der Gr\u00f6\u00dfe des jeweiligen BetrachterFeldes.<\/strong><\/p>\n\n\n\n<ul class=\"wp-block-list\">\n<li class=\"has-medium-font-size\"><strong>Auf einem HandyMobileSmartphone werden die empfohlenen PDFs nur als DownloadLink angeboten, w\u00e4hrend sie auf einem DesktopLaptopTablett als lesbare Werke erscheinen. Sprungziele innerhalb von PDFs funktionieren deshalb in dieser Umgebung nicht.<\/strong><\/li>\n\n\n\n<li class=\"has-medium-font-size\"><strong>Unter den ge\u00f6ffneten B\u00fcchern befinden sich in der <strong>DesktopLaptopTablettUmgebung<\/strong>, unten auf der NetzSeite, jeweilige Links, neben einem Knopf zum Herunterladen des jeweiligen PDFs. Man sieht sie, wenn man die NetzSeite im beigen Bereich nach unten scrollt. Klickt man da drauf, erscheint das jeweilige Buch in einem eigenen, die Ausgangsseite \u00fcberlagernden, Fenster, so dass der Inhalt sich nach Belieben mittels Strng+ScrollUpDown per Maus, bzw. Strng+- per Tastatur, vergr\u00f6\u00dfern oder verkleinern l\u00e4sst. Mit Alt+Pfeil links kann man das \u00fcberlagernde Fenster wieder verlassen und zur Ausgangsseite zur\u00fcckkehren.<\/strong><\/li>\n\n\n\n<li class=\"has-medium-font-size\"><strong>Wer unseren Beitr\u00e4gen per Feed folgen m\u00f6chte, ben\u00f6tigt f\u00fcr seinen Browser in der Regel ein AddOn. F\u00fcr Firefox z.B. das AddOn &#8222;Feed Preview&#8220;.<\/strong><\/li>\n\n\n\n<li class=\"has-medium-font-size\"><strong>Mit dem empfohlenen, aktivierten AddOn &#8222;Feed Preview&#8220; \u00f6ffnet sich bei einem Klick auf das FeedSymbol auf einem DesktopLaptopTablett ein neuer, externer Tab, der unsere Beitr\u00e4ge auflistet. Auf einem HandyMobileSmartphone hingegen \u00f6ffnet sich nur die TextVersion, xmlDatei, des Feeds.<\/strong><\/li>\n\n\n\n<li class=\"has-medium-font-size\"><strong>Wer das Feed abonnieren m\u00f6chte, dem wird dabei eine Auswahl an NewsReadern angeboten. Logischer Weise ben\u00f6tigt Ihr bei einem der angebotenen NewsReader einen Account, damit das funktioniert, oder eine App, z.B &#8222;RSS Reader&#8220;, wenn Ihr auf einen solchen Account keinen Wert legt.<\/strong><\/li>\n\n\n\n<li class=\"has-medium-font-size\"><strong>Wer ein SmartTV hat, kann sich dort eine BrowserApp einrichten, um bisskultur.de via Browser am TV zu nutzen; interessant f\u00fcr jene, die insbesondere die hier hinterlegten Filme auf dem TVBildschirm anschauen m\u00f6chten.<\/strong><\/li>\n<\/ul>\n\n\n\n<p class=\"has-medium-font-size\"><strong>SpamKommentare werden geblockt!<\/strong><\/p>\n","protected":false},"excerpt":{"rendered":"<p>Um bisskultur.de optimal nutzen zu k\u00f6nnen, empfiehlt sich die DesktopLaptopTablettUmgebung und weniger die HandyMobileSmartphoneUmgebung.Selbsterkl\u00e4render Weise liegt der Grund hierf\u00fcr in der Gr\u00f6\u00dfe des jeweiligen BetrachterFeldes. SpamKommentare werden geblockt!<\/p>\n","protected":false},"author":1,"featured_media":0,"parent":0,"menu_order":0,"comment_status":"closed","ping_status":"closed","template":"","meta":{"footnotes":""},"class_list":["post-459","page","type-page","status-publish","hentry"],"_links":{"self":[{"href":"https:\/\/bisskultur.ipv64.de\/index.php\/wp-json\/wp\/v2\/pages\/459","targetHints":{"allow":["GET"]}}],"collection":[{"href":"https:\/\/bisskultur.ipv64.de\/index.php\/wp-json\/wp\/v2\/pages"}],"about":[{"href":"https:\/\/bisskultur.ipv64.de\/index.php\/wp-json\/wp\/v2\/types\/page"}],"author":[{"embeddable":true,"href":"https:\/\/bisskultur.ipv64.de\/index.php\/wp-json\/wp\/v2\/users\/1"}],"replies":[{"embeddable":true,"href":"https:\/\/bisskultur.ipv64.de\/index.php\/wp-json\/wp\/v2\/comments?post=459"}],"version-history":[{"count":63,"href":"https:\/\/bisskultur.ipv64.de\/index.php\/wp-json\/wp\/v2\/pages\/459\/revisions"}],"predecessor-version":[{"id":935,"href":"https:\/\/bisskultur.ipv64.de\/index.php\/wp-json\/wp\/v2\/pages\/459\/revisions\/935"}],"wp:attachment":[{"href":"https:\/\/bisskultur.ipv64.de\/index.php\/wp-json\/wp\/v2\/media?parent=459"}],"curies":[{"name":"wp","href":"https:\/\/api.w.org\/{rel}","templated":true}]}}